{"id":342,"date":"2020-03-07T22:24:31","date_gmt":"2020-03-07T21:24:31","guid":{"rendered":"https:\/\/blended.se\/?page_id=342"},"modified":"2020-03-08T10:30:20","modified_gmt":"2020-03-08T09:30:20","slug":"cookies","status":"publish","type":"page","link":"https:\/\/blended.se\/en\/cookies\/","title":{"rendered":"Cookies"},"content":{"rendered":"<div data-elementor-type=\"wp-page\" data-elementor-id=\"342\" class=\"elementor elementor-342\" data-elementor-post-type=\"page\">\n\t\t\t\t\t\t<section class=\"elementor-section elementor-top-section elementor-element elementor-element-bca083f elementor-section-boxed elementor-section-height-default elementor-section-height-default\" data-id=\"bca083f\" data-element_type=\"section\" data-e-type=\"section\">\n\t\t\t\t\t\t<div class=\"elementor-container elementor-column-gap-default\">\n\t\t\t\t\t<div class=\"elementor-column elementor-col-100 elementor-top-column elementor-element elementor-element-c07cb5c\" data-id=\"c07cb5c\" data-element_type=\"column\" data-e-type=\"column\">\n\t\t\t<div class=\"elementor-widget-wrap elementor-element-populated\">\n\t\t\t\t\t\t<div class=\"elementor-element elementor-element-c386617 elementor-widget elementor-widget-image\" data-id=\"c386617\" data-element_type=\"widget\" data-e-type=\"widget\" data-widget_type=\"image.default\">\n\t\t\t\t<div class=\"elementor-widget-container\">\n\t\t\t\t\t\t\t\t\t\t\t\t\t\t\t<img decoding=\"async\" width=\"1\" height=\"1\" src=\"https:\/\/blended.se\/wp-content\/uploads\/2020\/03\/cookies.svg\" class=\"elementor-animation-hang attachment-medium size-medium wp-image-340\" alt=\"\" \/>\t\t\t\t\t\t\t\t\t\t\t\t\t\t\t<\/div>\n\t\t\t\t<\/div>\n\t\t\t\t\t<\/div>\n\t\t<\/div>\n\t\t\t\t\t<\/div>\n\t\t<\/section>\n\t\t\t\t<section class=\"elementor-section elementor-top-section elementor-element elementor-element-25821102 elementor-section-content-middle elementor-section-boxed elementor-section-height-default elementor-section-height-default\" data-id=\"25821102\" data-element_type=\"section\" data-e-type=\"section\">\n\t\t\t\t\t\t<div class=\"elementor-container elementor-column-gap-no\">\n\t\t\t\t\t<div class=\"elementor-column elementor-col-100 elementor-top-column elementor-element elementor-element-33ee24b7\" data-id=\"33ee24b7\" data-element_type=\"column\" data-e-type=\"column\">\n\t\t\t<div class=\"elementor-widget-wrap elementor-element-populated\">\n\t\t\t\t\t\t<div class=\"elementor-element elementor-element-52a22ecb elementor-widget elementor-widget-heading\" data-id=\"52a22ecb\" data-element_type=\"widget\" data-e-type=\"widget\" data-widget_type=\"heading.default\">\n\t\t\t\t<div class=\"elementor-widget-container\">\n\t\t\t\t\t<h4 class=\"elementor-heading-title elementor-size-default\">Cookies<\/h4>\t\t\t\t<\/div>\n\t\t\t\t<\/div>\n\t\t\t\t<div class=\"elementor-element elementor-element-72e6ad33 elementor-widget elementor-widget-text-editor\" data-id=\"72e6ad33\" data-element_type=\"widget\" data-e-type=\"widget\" data-widget_type=\"text-editor.default\">\n\t\t\t\t<div class=\"elementor-widget-container\">\n\t\t\t\t\t\t\t\t\t<h2>Cookie information till dig som anv\u00e4ndare<\/h2><p>P\u00e5 v\u00e5r webbplasts anv\u00e4nds cookies, en cookie \u00e4r en liten fil som webbplatser som du bes\u00f6ker skickar till din webbl\u00e4sare. P\u00e5 s\u00e5 s\u00e4tt kan webbplatsen komma ih\u00e5g information om ditt bes\u00f6k, som vilket spr\u00e5k du vill anv\u00e4nda och andra inst\u00e4llningar. Det underl\u00e4ttar vid n\u00e4sta bes\u00f6k, och webbplatsen blir mer anv\u00e4ndbar. Cookies spelar en viktig roll. Utan dem skulle du f\u00f6rmodligen bli ganska frustrerad n\u00e4r du anv\u00e4nder webben.<\/p><p>De cookies som vi anv\u00e4nder oss av \u00e4r s\u00e5 kallade tredjeparts cookies, i det h\u00e4r fallet r\u00f6r det sig om Google Analytics. Google Analytics \u00e4r ett analysverktyg som hj\u00e4lper oss att f\u00f6rst\u00e5 hur du som bes\u00f6kare anv\u00e4nder v\u00e5r webbplats samt hur vi kan f\u00f6rb\u00e4ttra upplevelsen f\u00f6r dig som bes\u00f6kare. Google Analytics anv\u00e4nder i huvudsakligen cookies fr\u00e5n v\u00e5r webbplats f\u00f6r att rapportera om interaktioner p\u00e5 v\u00e5r webbplats. Dessa cookies lagrar information som inte \u00e4r personlig och de vidarebefordrar inte information fr\u00e5n v\u00e5r webbplats till andra dom\u00e4ner.<\/p><p>Vill du veta mer om Google Analytics och dess cookies fungerar kan du l\u00e4sa mer\u00a0<a title=\"Till Googles webbplats f\u00f6r mer information\" href=\"https:\/\/www.google.com\/analytics\/learn\/privacy.html?hl=sv\" target=\"_blank\" rel=\"noopener\"><strong>h\u00e4r<\/strong><\/a>.<\/p>\t\t\t\t\t\t\t\t<\/div>\n\t\t\t\t<\/div>\n\t\t\t\t\t<\/div>\n\t\t<\/div>\n\t\t\t\t\t<\/div>\n\t\t<\/section>\n\t\t\t\t<\/div>","protected":false},"excerpt":{"rendered":"<p>Cookies Cookie information till dig som anv\u00e4ndare P\u00e5 v\u00e5r webbplasts anv\u00e4nds cookies, en cookie \u00e4r en liten fil som webbplatser som du bes\u00f6ker skickar till din webbl\u00e4sare. P\u00e5 s\u00e5 s\u00e4tt kan webbplatsen komma ih\u00e5g information om ditt bes\u00f6k, som vilket spr\u00e5k du vill anv\u00e4nda och andra inst\u00e4llningar. Det underl\u00e4ttar vid n\u00e4sta bes\u00f6k, och webbplatsen blir [&hellip;]<\/p>\n","protected":false},"author":1,"featured_media":0,"parent":0,"menu_order":0,"comment_status":"closed","ping_status":"closed","template":"elementor_header_footer","meta":{"_monsterinsights_skip_tracking":false,"_monsterinsights_sitenote_active":false,"_monsterinsights_sitenote_note":"","_monsterinsights_sitenote_category":0,"footnotes":""},"class_list":["post-342","page","type-page","status-publish","hentry"],"aioseo_notices":[],"_links":{"self":[{"href":"https:\/\/blended.se\/en\/wp-json\/wp\/v2\/pages\/342","targetHints":{"allow":["GET"]}}],"collection":[{"href":"https:\/\/blended.se\/en\/wp-json\/wp\/v2\/pages"}],"about":[{"href":"https:\/\/blended.se\/en\/wp-json\/wp\/v2\/types\/page"}],"author":[{"embeddable":true,"href":"https:\/\/blended.se\/en\/wp-json\/wp\/v2\/users\/1"}],"replies":[{"embeddable":true,"href":"https:\/\/blended.se\/en\/wp-json\/wp\/v2\/comments?post=342"}],"version-history":[{"count":0,"href":"https:\/\/blended.se\/en\/wp-json\/wp\/v2\/pages\/342\/revisions"}],"wp:attachment":[{"href":"https:\/\/blended.se\/en\/wp-json\/wp\/v2\/media?parent=342"}],"curies":[{"name":"wp","href":"https:\/\/api.w.org\/{rel}","templated":true}]}}